{"id":380,"date":"2023-02-09T11:45:42","date_gmt":"2023-02-09T10:45:42","guid":{"rendered":"https:\/\/www.csihamburg-meeting.de\/iscayahl-2025\/?page_id=380"},"modified":"2025-02-25T16:00:45","modified_gmt":"2025-02-25T15:00:45","slug":"imprint","status":"publish","type":"page","link":"https:\/\/www.csihamburg-meeting.de\/iscayahl-2025\/imprint\/","title":{"rendered":"Imprint"},"content":{"rendered":"\t\t<div data-elementor-type=\"wp-page\" data-elementor-id=\"380\" class=\"elementor elementor-380\" data-elementor-post-type=\"page\">\n\t\t\t\t<div data-particle_enable=\"false\" data-particle-mobile-disabled=\"false\" class=\"elementor-element elementor-element-a4320d4 e-flex e-con-boxed qodef-elementor-content-no e-con e-parent\" data-id=\"a4320d4\" data-element_type=\"container\">\n\t\t\t\t\t<div class=\"e-con-inner\">\n\t\t\t\t\t<\/div>\n\t\t\t\t<\/div>\n\t\t<div data-particle_enable=\"false\" data-particle-mobile-disabled=\"false\" class=\"elementor-element elementor-element-0330532 elementor-hidden-desktop elementor-hidden-tablet elementor-hidden-mobile e-flex e-con-boxed qodef-elementor-content-no e-con e-parent\" data-id=\"0330532\" data-element_type=\"container\">\n\t\t\t\t\t<div class=\"e-con-inner\">\n\t\t\t\t<div class=\"elementor-element elementor-element-03c955d elementor-widget elementor-widget-heading\" data-id=\"03c955d\" data-element_type=\"widget\" data-widget_type=\"heading.default\">\n\t\t\t\t<div class=\"elementor-widget-container\">\n\t\t\t\t\t<h3 class=\"elementor-heading-title elementor-size-default\">Provider identification according to \u00a7 5 TMG<\/h3>\t\t\t\t<\/div>\n\t\t\t\t<\/div>\n\t\t\t\t<div class=\"elementor-element elementor-element-512bf7a elementor-widget elementor-widget-heading\" data-id=\"512bf7a\" data-element_type=\"widget\" data-widget_type=\"heading.default\">\n\t\t\t\t<div class=\"elementor-widget-container\">\n\t\t\t\t\t<h3 class=\"elementor-heading-title elementor-size-default\">Contact<\/h3>\t\t\t\t<\/div>\n\t\t\t\t<\/div>\n\t\t\t\t<div class=\"elementor-element elementor-element-3ca8474 elementor-widget elementor-widget-text-editor\" data-id=\"3ca8474\" data-element_type=\"widget\" data-widget_type=\"text-editor.default\">\n\t\t\t\t<div class=\"elementor-widget-container\">\n\t\t\t\t\t\t\t\t\t<p><strong>Justus-Liebig-Universit\u00e4t Gie\u00dfen (JLU)<\/strong> <br \/>Ludwigstrasse 23<br \/>35392 Giessen<\/p><p>represented by: President Prof. Dr Katharina Lorenz<\/p><p><\/p><p>UST-IDNr.: DE112591322<\/p><p>Responsible in the sense of \u00a7 18 Abs. 2 MStV:<br \/>? ?<\/p>\t\t\t\t\t\t\t\t<\/div>\n\t\t\t\t<\/div>\n\t\t\t\t<div class=\"elementor-element elementor-element-aaa75ec elementor-icon-list--layout-traditional elementor-list-item-link-full_width elementor-widget elementor-widget-icon-list\" data-id=\"aaa75ec\" data-element_type=\"widget\" data-widget_type=\"icon-list.default\">\n\t\t\t\t<div class=\"elementor-widget-container\">\n\t\t\t\t\t\t\t<ul class=\"elementor-icon-list-items\">\n\t\t\t\t\t\t\t<li class=\"elementor-icon-list-item\">\n\t\t\t\t\t\t\t\t\t\t\t<span class=\"elementor-icon-list-icon\">\n\t\t\t\t\t\t\t<i aria-hidden=\"true\" class=\"fas fa-phone\"><\/i>\t\t\t\t\t\t<\/span>\n\t\t\t\t\t\t\t\t\t\t<span class=\"elementor-icon-list-text\">+49 641 99-0<\/span>\n\t\t\t\t\t\t\t\t\t<\/li>\n\t\t\t\t\t\t\t\t<li class=\"elementor-icon-list-item\">\n\t\t\t\t\t\t\t\t\t\t\t<span class=\"elementor-icon-list-icon\">\n\t\t\t\t\t\t\t<i aria-hidden=\"true\" class=\"fas fa-fax\"><\/i>\t\t\t\t\t\t<\/span>\n\t\t\t\t\t\t\t\t\t\t<span class=\"elementor-icon-list-text\">+49 641 99-12259<\/span>\n\t\t\t\t\t\t\t\t\t<\/li>\n\t\t\t\t\t\t\t\t<li class=\"elementor-icon-list-item\">\n\t\t\t\t\t\t\t\t\t\t\t<a href=\"mailto:praesidentin@uni-giessen.de\">\n\n\t\t\t\t\t\t\t\t\t\t\t\t<span class=\"elementor-icon-list-icon\">\n\t\t\t\t\t\t\t<i aria-hidden=\"true\" class=\"fas fa-envelope\"><\/i>\t\t\t\t\t\t<\/span>\n\t\t\t\t\t\t\t\t\t\t<span class=\"elementor-icon-list-text\">praesidentin@uni-giessen.de<\/span>\n\t\t\t\t\t\t\t\t\t\t\t<\/a>\n\t\t\t\t\t\t\t\t\t<\/li>\n\t\t\t\t\t\t<\/ul>\n\t\t\t\t\t\t<\/div>\n\t\t\t\t<\/div>\n\t\t\t\t<div class=\"elementor-element elementor-element-0da1172 elementor-widget-divider--view-line elementor-widget elementor-widget-divider\" data-id=\"0da1172\" data-element_type=\"widget\" data-widget_type=\"divider.default\">\n\t\t\t\t<div class=\"elementor-widget-container\">\n\t\t\t\t\t\t\t<div class=\"elementor-divider\">\n\t\t\t<span class=\"elementor-divider-separator\">\n\t\t\t\t\t\t<\/span>\n\t\t<\/div>\n\t\t\t\t\t\t<\/div>\n\t\t\t\t<\/div>\n\t\t\t\t<div class=\"elementor-element elementor-element-c7a91ac elementor-widget elementor-widget-text-editor\" data-id=\"c7a91ac\" data-element_type=\"widget\" data-widget_type=\"text-editor.default\">\n\t\t\t\t<div class=\"elementor-widget-container\">\n\t\t\t\t\t\t\t\t\t<p><a href=\"https:\/\/www.uni-giessen.de\/en\/about\/contact\">Important information for contacting us<\/a><\/p>\t\t\t\t\t\t\t\t<\/div>\n\t\t\t\t<\/div>\n\t\t\t\t\t<\/div>\n\t\t\t\t<\/div>\n\t\t<div data-particle_enable=\"false\" data-particle-mobile-disabled=\"false\" class=\"elementor-element elementor-element-ca67ad3 e-flex e-con-boxed qodef-elementor-content-no e-con e-parent\" data-id=\"ca67ad3\" data-element_type=\"container\">\n\t\t\t\t\t<div class=\"e-con-inner\">\n\t\t\t\t<div class=\"elementor-element elementor-element-8dd1214 elementor-widget elementor-widget-heading\" data-id=\"8dd1214\" data-element_type=\"widget\" data-widget_type=\"heading.default\">\n\t\t\t\t<div class=\"elementor-widget-container\">\n\t\t\t\t\t<h3 class=\"elementor-heading-title elementor-size-default\">Management<\/h3>\t\t\t\t<\/div>\n\t\t\t\t<\/div>\n\t\t\t\t<div class=\"elementor-element elementor-element-f85146b elementor-widget elementor-widget-text-editor\" data-id=\"f85146b\" data-element_type=\"widget\" data-widget_type=\"text-editor.default\">\n\t\t\t\t<div class=\"elementor-widget-container\">\n\t\t\t\t\t\t\t\t\t<div class=\"elementor-element elementor-element-01967d0 elementor-widget elementor-widget-text-editor\" data-id=\"01967d0\" data-element_type=\"widget\" data-widget_type=\"text-editor.default\"><div class=\"elementor-widget-container\"><p>Antje Bl\u00f6meke<br \/>Legal court Hamburg HRB 127764<\/p><p>Responsible for content according to \u2013 \u00a76 MDStV<\/p><\/div><\/div><div class=\"elementor-element elementor-element-b62136c elementor-widget elementor-widget-text-editor\" data-id=\"b62136c\" data-element_type=\"widget\" data-widget_type=\"text-editor.default\"><div class=\"elementor-widget-container\"><p><strong>CSi Hamburg GmbH<\/strong><br \/><span>Conferences | Symposia | Incentives<\/span><br \/><span>Goernestra\u00dfe 30<\/span><br \/><span>20249 Hamburg, Germany<\/span><br \/><span>phone: +49 40 30770300 <\/span><br \/><span>e-mail:\u00a0<\/span><a href=\"mailto:meetings@csihamburg.de\">meetings[@]csihamburg.de<\/a><\/p><p>HRB 127764 \u00b7 Amtsgericht\/Legal court Hamburg \u00b7\u00a0 USt-IdNo.: DE290349357<\/p><\/div><\/div>\t\t\t\t\t\t\t\t<\/div>\n\t\t\t\t<\/div>\n\t\t\t\t<div class=\"elementor-element elementor-element-937a57e elementor-widget elementor-widget-heading\" data-id=\"937a57e\" data-element_type=\"widget\" data-widget_type=\"heading.default\">\n\t\t\t\t<div class=\"elementor-widget-container\">\n\t\t\t\t\t<h3 class=\"elementor-heading-title elementor-size-default\">Disclaimer<\/h3>\t\t\t\t<\/div>\n\t\t\t\t<\/div>\n\t\t\t\t<div class=\"elementor-element elementor-element-38a2716 elementor-widget elementor-widget-text-editor\" data-id=\"38a2716\" data-element_type=\"widget\" data-widget_type=\"text-editor.default\">\n\t\t\t\t<div class=\"elementor-widget-container\">\n\t\t\t\t\t\t\t\t\t<p>The information provided on this website has been carefully checked and is regularly updated. However, no guarantee can be given that all information is complete, correct and up-to-date at all times. This applies in particular to all connections (\u201elinks\u201c) to other web pages to which direct or indirect reference is made. All information can be supplemented, removed or changed without prior notice. All product names, product designations and logos mentioned on this website are registered trademarks and the property of their respective owners.<\/p>\t\t\t\t\t\t\t\t<\/div>\n\t\t\t\t<\/div>\n\t\t\t\t<div class=\"elementor-element elementor-element-8bc79b5 elementor-widget elementor-widget-heading\" data-id=\"8bc79b5\" data-element_type=\"widget\" data-widget_type=\"heading.default\">\n\t\t\t\t<div class=\"elementor-widget-container\">\n\t\t\t\t\t<h3 class=\"elementor-heading-title elementor-size-default\">Copyright protection<\/h3>\t\t\t\t<\/div>\n\t\t\t\t<\/div>\n\t\t\t\t<div class=\"elementor-element elementor-element-439ab1c elementor-widget elementor-widget-text-editor\" data-id=\"439ab1c\" data-element_type=\"widget\" data-widget_type=\"text-editor.default\">\n\t\t\t\t<div class=\"elementor-widget-container\">\n\t\t\t\t\t\t\t\t\t<p>The content of these web pages is protected by copyright. All texts and illustrations may not be copied, reproduced and\/or distributed without permission.<\/p>\t\t\t\t\t\t\t\t<\/div>\n\t\t\t\t<\/div>\n\t\t\t\t\t<\/div>\n\t\t\t\t<\/div>\n\t\t<div data-particle_enable=\"false\" data-particle-mobile-disabled=\"false\" class=\"elementor-element elementor-element-e92822e elementor-hidden-desktop elementor-hidden-tablet elementor-hidden-mobile e-flex e-con-boxed qodef-elementor-content-no e-con e-parent\" data-id=\"e92822e\" data-element_type=\"container\">\n\t\t\t\t\t<div class=\"e-con-inner\">\n\t\t\t\t<div class=\"elementor-element elementor-element-cb319ac elementor-widget elementor-widget-text-editor\" data-id=\"cb319ac\" data-element_type=\"widget\" data-widget_type=\"text-editor.default\">\n\t\t\t\t<div class=\"elementor-widget-container\">\n\t\t\t\t\t\t\t\t\t<h3>Gender-Hinweis<\/h3><p>Soweit auf dieser Website oder in Publikationen Berufs-, Gruppen- und\/ oder Personenbezeichnungen Verwendung finden, ist stets auch die jeweils weibliche Form erfasst. Ausschlie\u00dflich aus Gr\u00fcnden der Lesbarkeit wird in diesen F\u00e4llen auf die gleichzeitige Verwendung m\u00e4nnlicher und weiblicher Sprachformen verzichtet.<\/p><h3>Rechtliche Hinweise<\/h3><p>Die Inhalte dieser Website werden mit gr\u00f6\u00dftm\u00f6glicher Sorgfalt erstellt. Die Justus-Liebig-Universit\u00e4t Gie\u00dfen (JLU) \u00fcbernimmt jedoch keine Gew\u00e4hr f\u00fcr die Richtigkeit, Vollst\u00e4ndigkeit und Aktualit\u00e4t der bereitgestellten Inhalte.<\/p><h3>Urheberrecht<\/h3><p>Alle Inhalte und Strukturen dieser Website sind urheber- und leistungsschutzrechtlich gesch\u00fctzt. Die Ver\u00f6ffentlichung im World Wide Web oder in sonstigen Diensten des Internet bedeutet noch keine Einverst\u00e4ndniserkl\u00e4rung f\u00fcr eine anderweitige Nutzung durch Dritte. Jede vom deutschen Urheberrecht nicht zugelassene Verwertung bedarf der vorherigen schriftlichen Zustimmung durch die Justus-Liebig-Universit\u00e4t Gie\u00dfen (JLU).<\/p><p>Wir erlauben und begr\u00fc\u00dfen ausdr\u00fccklich das Zitieren unserer Dokumente sowie das Setzen von Links auf unsere Website, solange kenntlich gemacht wird, dass es sich um Inhalte der Justus-Liebig-Universit\u00e4t Gie\u00dfen (JLU) handelt und diese Inhalte nicht in Verbindung mit Inhalten Dritter gebracht werden, die den Interessen der Justus-Liebig-Universit\u00e4t Gie\u00dfen (JLU) widersprechen.<\/p><h3>Hinweis zur Problematik von externen Links<\/h3><p>Die Justus-Liebig-Universit\u00e4t Gie\u00dfen (JLU) ist als Inhaltsanbieter nach \u00a7 7 Abs.1 TMG f\u00fcr die \u201eeigenen Inhalte\u201d, die sie zur Nutzung bereith\u00e4lt, nach den allgemeinen Gesetzen verantwortlich. Von diesen eigenen Inhalten sind Querverweise (\u201eLinks\u201d) auf die von anderen Anbietern bereitgehaltenen Inhalte zu unterscheiden. Durch den Querverweis h\u00e4lt die Justus-Liebig-Universit\u00e4t Gie\u00dfen (JLU) insofern \u201efremde Inhalte\u201d zur Nutzung bereit.<\/p><p>Bei \u201eLinks\u201c handelt es sich stets um \u201elebende\u201d (dynamische) Verweisungen. Die Justus-Liebig-Universit\u00e4t Gie\u00dfen (JLU) hat bei der erstmaligen Verkn\u00fcpfung zwar den fremden Inhalt daraufhin \u00fcberpr\u00fcft, ob durch ihn eine m\u00f6gliche zivilrechtliche oder strafrechtliche Verantwortlichkeit ausgel\u00f6st wird. Sie \u00fcberpr\u00fcft aber die Inhalte, auf die sie in ihrem Angebot verweist, nicht st\u00e4ndig auf Ver\u00e4nderungen, die eine Verantwortlichkeit neu begr\u00fcnden k\u00f6nnten. Wenn sie feststellt oder von anderen darauf hingewiesen wird, dass ein konkretes Angebot, zu dem sie einen Link bereitgestellt hat, eine zivil- oder strafrechtliche Verantwortlichkeit ausl\u00f6st, wird sie den Verweis auf dieses Angebot aufheben.<\/p><h3>Bildnachweis<\/h3><p>Die Rechte etwaiger Fotos und Grafiken auf der Website liegen bei der beauftragten Agentur CSi Hamburg GmbH, Justus-Liebig-Universit\u00e4t Gie\u00dfen (JLU) und verschiedenen Bildanbietern.<\/p><h3>Widerspruch Werbe-Mails<\/h3><p>Der Nutzung von im Rahmen der Impressumspflicht ver\u00f6ffentlichten Kontaktdaten zur \u00dcbersendung von nicht ausdr\u00fccklich angeforderter Werbung und Informationsmaterialien wird hiermit widersprochen. Die Betreiber der Seiten behalten sich ausdr\u00fccklich rechtliche Schritte im Falle der unverlangten Zusendung von Werbeinformationen, etwa durch Spam-E-Mails, vor.<\/p>\t\t\t\t\t\t\t\t<\/div>\n\t\t\t\t<\/div>\n\t\t\t\t\t<\/div>\n\t\t\t\t<\/div>\n\t\t\t\t<\/div>\n\t\t","protected":false},"excerpt":{"rendered":"<p>Provider identification according to \u00a7 5 TMG Contact Justus-Liebig-Universit\u00e4t Gie\u00dfen (JLU) Ludwigstrasse 2335392 Giessen represented by: President Prof. Dr Katharina Lorenz UST-IDNr.: DE112591322 Responsible in the sense of \u00a7 18 Abs. 2 MStV:? ? +49 641 99-0 +49 641 99-12259 praesidentin@uni-giessen.de Important information for contacting us Management Antje Bl\u00f6mekeLegal court Hamburg HRB 127764 Responsible for [&hellip;]<\/p>\n","protected":false},"author":5,"featured_media":0,"parent":0,"menu_order":102,"comment_status":"closed","ping_status":"closed","template":"elementor_theme","meta":{"_acf_changed":false,"footnotes":""},"class_list":["post-380","page","type-page","status-publish","hentry"],"acf":[],"yoast_head":"<!-- This site is optimized with the Yoast SEO plugin v25.6 - https:\/\/yoast.com\/wordpress\/plugins\/seo\/ -->\n<title>Imprint - 6th ISCAYAHL<\/title>\n<meta name=\"robots\" content=\"index, follow, max-snippet:-1, max-image-preview:large, max-video-preview:-1\" \/>\n<link rel=\"canonical\" href=\"https:\/\/www.csihamburg-meeting.de\/iscayahl-2025\/imprint\/\" \/>\n<meta property=\"og:locale\" content=\"en_GB\" \/>\n<meta property=\"og:type\" content=\"article\" \/>\n<meta property=\"og:title\" content=\"Imprint - 6th ISCAYAHL\" \/>\n<meta property=\"og:description\" content=\"Provider identification according to \u00a7 5 TMG Contact Justus-Liebig-Universit\u00e4t Gie\u00dfen (JLU) Ludwigstrasse 2335392 Giessen represented by: President Prof. Dr Katharina Lorenz UST-IDNr.: DE112591322 Responsible in the sense of \u00a7 18 Abs. 2 MStV:? ? +49 641 99-0 +49 641 99-12259 praesidentin@uni-giessen.de Important information for contacting us Management Antje Bl\u00f6mekeLegal court Hamburg HRB 127764 Responsible for [&hellip;]\" \/>\n<meta property=\"og:url\" content=\"https:\/\/www.csihamburg-meeting.de\/iscayahl-2025\/imprint\/\" \/>\n<meta property=\"og:site_name\" content=\"6th ISCAYAHL\" \/>\n<meta property=\"article:modified_time\" content=\"2025-02-25T15:00:45+00:00\" \/>\n<meta name=\"twitter:card\" content=\"summary_large_image\" \/>\n<meta name=\"twitter:label1\" content=\"Estimated reading time\" \/>\n\t<meta name=\"twitter:data1\" content=\"4 minutes\" \/>\n<script type=\"application\/ld+json\" class=\"yoast-schema-graph\">{\"@context\":\"https:\/\/schema.org\",\"@graph\":[{\"@type\":\"WebPage\",\"@id\":\"https:\/\/www.csihamburg-meeting.de\/iscayahl-2025\/imprint\/\",\"url\":\"https:\/\/www.csihamburg-meeting.de\/iscayahl-2025\/imprint\/\",\"name\":\"Imprint - 6th ISCAYAHL\",\"isPartOf\":{\"@id\":\"https:\/\/www.csihamburg-meeting.de\/iscayahl-2025\/#website\"},\"datePublished\":\"2023-02-09T10:45:42+00:00\",\"dateModified\":\"2025-02-25T15:00:45+00:00\",\"breadcrumb\":{\"@id\":\"https:\/\/www.csihamburg-meeting.de\/iscayahl-2025\/imprint\/#breadcrumb\"},\"inLanguage\":\"en-GB\",\"potentialAction\":[{\"@type\":\"ReadAction\",\"target\":[\"https:\/\/www.csihamburg-meeting.de\/iscayahl-2025\/imprint\/\"]}]},{\"@type\":\"BreadcrumbList\",\"@id\":\"https:\/\/www.csihamburg-meeting.de\/iscayahl-2025\/imprint\/#breadcrumb\",\"itemListElement\":[{\"@type\":\"ListItem\",\"position\":1,\"name\":\"Startseite\",\"item\":\"https:\/\/www.csihamburg-meeting.de\/iscayahl-2025\/\"},{\"@type\":\"ListItem\",\"position\":2,\"name\":\"Imprint\"}]},{\"@type\":\"WebSite\",\"@id\":\"https:\/\/www.csihamburg-meeting.de\/iscayahl-2025\/#website\",\"url\":\"https:\/\/www.csihamburg-meeting.de\/iscayahl-2025\/\",\"name\":\"6th ISCAYAHL\",\"description\":\"\",\"publisher\":{\"@id\":\"https:\/\/www.csihamburg-meeting.de\/iscayahl-2025\/#organization\"},\"potentialAction\":[{\"@type\":\"SearchAction\",\"target\":{\"@type\":\"EntryPoint\",\"urlTemplate\":\"https:\/\/www.csihamburg-meeting.de\/iscayahl-2025\/?s={search_term_string}\"},\"query-input\":{\"@type\":\"PropertyValueSpecification\",\"valueRequired\":true,\"valueName\":\"search_term_string\"}}],\"inLanguage\":\"en-GB\"},{\"@type\":\"Organization\",\"@id\":\"https:\/\/www.csihamburg-meeting.de\/iscayahl-2025\/#organization\",\"name\":\"6th ISCAYAHL\",\"url\":\"https:\/\/www.csihamburg-meeting.de\/iscayahl-2025\/\",\"logo\":{\"@type\":\"ImageObject\",\"inLanguage\":\"en-GB\",\"@id\":\"https:\/\/www.csihamburg-meeting.de\/iscayahl-2025\/#\/schema\/logo\/image\/\",\"url\":\"\",\"contentUrl\":\"\",\"caption\":\"6th ISCAYAHL\"},\"image\":{\"@id\":\"https:\/\/www.csihamburg-meeting.de\/iscayahl-2025\/#\/schema\/logo\/image\/\"}}]}<\/script>\n<!-- \/ Yoast SEO plugin. -->","yoast_head_json":{"title":"Imprint - 6th ISCAYAHL","robots":{"index":"index","follow":"follow","max-snippet":"max-snippet:-1","max-image-preview":"max-image-preview:large","max-video-preview":"max-video-preview:-1"},"canonical":"https:\/\/www.csihamburg-meeting.de\/iscayahl-2025\/imprint\/","og_locale":"en_GB","og_type":"article","og_title":"Imprint - 6th ISCAYAHL","og_description":"Provider identification according to \u00a7 5 TMG Contact Justus-Liebig-Universit\u00e4t Gie\u00dfen (JLU) Ludwigstrasse 2335392 Giessen represented by: President Prof. Dr Katharina Lorenz UST-IDNr.: DE112591322 Responsible in the sense of \u00a7 18 Abs. 2 MStV:? ? +49 641 99-0 +49 641 99-12259 praesidentin@uni-giessen.de Important information for contacting us Management Antje Bl\u00f6mekeLegal court Hamburg HRB 127764 Responsible for [&hellip;]","og_url":"https:\/\/www.csihamburg-meeting.de\/iscayahl-2025\/imprint\/","og_site_name":"6th ISCAYAHL","article_modified_time":"2025-02-25T15:00:45+00:00","twitter_card":"summary_large_image","twitter_misc":{"Estimated reading time":"4 minutes"},"schema":{"@context":"https:\/\/schema.org","@graph":[{"@type":"WebPage","@id":"https:\/\/www.csihamburg-meeting.de\/iscayahl-2025\/imprint\/","url":"https:\/\/www.csihamburg-meeting.de\/iscayahl-2025\/imprint\/","name":"Imprint - 6th ISCAYAHL","isPartOf":{"@id":"https:\/\/www.csihamburg-meeting.de\/iscayahl-2025\/#website"},"datePublished":"2023-02-09T10:45:42+00:00","dateModified":"2025-02-25T15:00:45+00:00","breadcrumb":{"@id":"https:\/\/www.csihamburg-meeting.de\/iscayahl-2025\/imprint\/#breadcrumb"},"inLanguage":"en-GB","potentialAction":[{"@type":"ReadAction","target":["https:\/\/www.csihamburg-meeting.de\/iscayahl-2025\/imprint\/"]}]},{"@type":"BreadcrumbList","@id":"https:\/\/www.csihamburg-meeting.de\/iscayahl-2025\/imprint\/#breadcrumb","itemListElement":[{"@type":"ListItem","position":1,"name":"Startseite","item":"https:\/\/www.csihamburg-meeting.de\/iscayahl-2025\/"},{"@type":"ListItem","position":2,"name":"Imprint"}]},{"@type":"WebSite","@id":"https:\/\/www.csihamburg-meeting.de\/iscayahl-2025\/#website","url":"https:\/\/www.csihamburg-meeting.de\/iscayahl-2025\/","name":"6th ISCAYAHL","description":"","publisher":{"@id":"https:\/\/www.csihamburg-meeting.de\/iscayahl-2025\/#organization"},"potentialAction":[{"@type":"SearchAction","target":{"@type":"EntryPoint","urlTemplate":"https:\/\/www.csihamburg-meeting.de\/iscayahl-2025\/?s={search_term_string}"},"query-input":{"@type":"PropertyValueSpecification","valueRequired":true,"valueName":"search_term_string"}}],"inLanguage":"en-GB"},{"@type":"Organization","@id":"https:\/\/www.csihamburg-meeting.de\/iscayahl-2025\/#organization","name":"6th ISCAYAHL","url":"https:\/\/www.csihamburg-meeting.de\/iscayahl-2025\/","logo":{"@type":"ImageObject","inLanguage":"en-GB","@id":"https:\/\/www.csihamburg-meeting.de\/iscayahl-2025\/#\/schema\/logo\/image\/","url":"","contentUrl":"","caption":"6th ISCAYAHL"},"image":{"@id":"https:\/\/www.csihamburg-meeting.de\/iscayahl-2025\/#\/schema\/logo\/image\/"}}]}},"_links":{"self":[{"href":"https:\/\/www.csihamburg-meeting.de\/iscayahl-2025\/wp-json\/wp\/v2\/pages\/380","targetHints":{"allow":["GET"]}}],"collection":[{"href":"https:\/\/www.csihamburg-meeting.de\/iscayahl-2025\/wp-json\/wp\/v2\/pages"}],"about":[{"href":"https:\/\/www.csihamburg-meeting.de\/iscayahl-2025\/wp-json\/wp\/v2\/types\/page"}],"author":[{"embeddable":true,"href":"https:\/\/www.csihamburg-meeting.de\/iscayahl-2025\/wp-json\/wp\/v2\/users\/5"}],"replies":[{"embeddable":true,"href":"https:\/\/www.csihamburg-meeting.de\/iscayahl-2025\/wp-json\/wp\/v2\/comments?post=380"}],"version-history":[{"count":0,"href":"https:\/\/www.csihamburg-meeting.de\/iscayahl-2025\/wp-json\/wp\/v2\/pages\/380\/revisions"}],"wp:attachment":[{"href":"https:\/\/www.csihamburg-meeting.de\/iscayahl-2025\/wp-json\/wp\/v2\/media?parent=380"}],"curies":[{"name":"wp","href":"https:\/\/api.w.org\/{rel}","templated":true}]}}