{"id":3761,"date":"2025-06-16T10:57:17","date_gmt":"2025-06-16T08:57:17","guid":{"rendered":"https:\/\/www.csihamburg-meeting.de\/iscayahl-2025\/?page_id=3761"},"modified":"2025-10-07T18:35:49","modified_gmt":"2025-10-07T16:35:49","slug":"charity-sponsoring","status":"publish","type":"page","link":"https:\/\/www.csihamburg-meeting.de\/iscayahl-2025\/sponsoring-and-exhibition\/charity-sponsoring\/","title":{"rendered":"Charity Support"},"content":{"rendered":"\t\t<div data-elementor-type=\"wp-page\" data-elementor-id=\"3761\" class=\"elementor elementor-3761\" data-elementor-post-type=\"page\">\n\t\t\t\t<div data-particle_enable=\"false\" data-particle-mobile-disabled=\"false\" class=\"elementor-element elementor-element-f9dc246 e-con-full e-flex qodef-elementor-content-no e-con e-parent\" data-id=\"f9dc246\" data-element_type=\"container\">\n\t\t\t\t<div class=\"elementor-element elementor-element-74e8f53 elementor-widget elementor-widget-text-editor\" data-id=\"74e8f53\" data-element_type=\"widget\" data-widget_type=\"text-editor.default\">\n\t\t\t\t<div class=\"elementor-widget-container\">\n\t\t\t\t\t\t\t\t\t<p>In alphabetical order.<\/p>\t\t\t\t\t\t\t\t<\/div>\n\t\t\t\t<\/div>\n\t\t<div data-particle_enable=\"false\" data-particle-mobile-disabled=\"false\" class=\"elementor-element elementor-element-90193f3 e-con-full e-grid qodef-elementor-content-no e-con e-child\" data-id=\"90193f3\" data-element_type=\"container\">\n\t\t<div data-particle_enable=\"false\" data-particle-mobile-disabled=\"false\" class=\"elementor-element elementor-element-e4c0e1d e-con-full e-flex qodef-elementor-content-no e-con e-child\" data-id=\"e4c0e1d\" data-element_type=\"container\" data-settings=\"{&quot;background_background&quot;:&quot;gradient&quot;}\">\n\t\t\t\t<div class=\"elementor-element elementor-element-f9a7d8b img-ratio elementor-widget elementor-widget-image\" data-id=\"f9a7d8b\" data-element_type=\"widget\" data-widget_type=\"image.default\">\n\t\t\t\t<div class=\"elementor-widget-container\">\n\t\t\t\t\t\t\t\t\t\t\t\t\t\t\t\t<a href=\"https:\/\/www.dfg.de\/\" target=\"_blank\">\n\t\t\t\t\t\t\t<img decoding=\"async\" width=\"400\" height=\"51\" src=\"https:\/\/www.csihamburg-meeting.de\/iscayahl-2025\/wp-content\/uploads\/dfg_logo_schriftzug_blau-1.jpg\" class=\"attachment-large size-large wp-image-3820\" alt=\"\" srcset=\"https:\/\/www.csihamburg-meeting.de\/iscayahl-2025\/wp-content\/uploads\/dfg_logo_schriftzug_blau-1.jpg 400w, https:\/\/www.csihamburg-meeting.de\/iscayahl-2025\/wp-content\/uploads\/dfg_logo_schriftzug_blau-1-300x38.jpg 300w, https:\/\/www.csihamburg-meeting.de\/iscayahl-2025\/wp-content\/uploads\/dfg_logo_schriftzug_blau-1-150x19.jpg 150w\" sizes=\"(max-width: 400px) 100vw, 400px\" \/>\t\t\t\t\t\t\t\t<\/a>\n\t\t\t\t\t\t\t\t\t\t\t\t\t\t\t<\/div>\n\t\t\t\t<\/div>\n\t\t\t\t<div class=\"elementor-element elementor-element-6ffd5ee elementor-widget elementor-widget-heading\" data-id=\"6ffd5ee\" data-element_type=\"widget\" data-widget_type=\"heading.default\">\n\t\t\t\t<div class=\"elementor-widget-container\">\n\t\t\t\t\t<h4 class=\"elementor-heading-title elementor-size-default\"><a href=\"https:\/\/www.dfg.de\/\" target=\"_blank\"><span style=\"font-weight: 400;text-align: start\">Deutsche Forschungsgemeinschaft e. V.<\/span><\/a><\/h4>\t\t\t\t<\/div>\n\t\t\t\t<\/div>\n\t\t\t\t<\/div>\n\t\t<div data-particle_enable=\"false\" data-particle-mobile-disabled=\"false\" class=\"elementor-element elementor-element-6663dbb e-con-full e-flex qodef-elementor-content-no e-con e-child\" data-id=\"6663dbb\" data-element_type=\"container\" data-settings=\"{&quot;background_background&quot;:&quot;gradient&quot;}\">\n\t\t\t\t<div class=\"elementor-element elementor-element-0ea181c img-ratio elementor-widget elementor-widget-image\" data-id=\"0ea181c\" data-element_type=\"widget\" data-widget_type=\"image.default\">\n\t\t\t\t<div class=\"elementor-widget-container\">\n\t\t\t\t\t\t\t\t\t\t\t\t\t\t\t\t<a href=\"http:\/\/www.krebskrankekinder-giessen.de\" target=\"_blank\">\n\t\t\t\t\t\t\t<img fetchpriority=\"high\" decoding=\"async\" width=\"800\" height=\"438\" src=\"https:\/\/www.csihamburg-meeting.de\/iscayahl-2025\/wp-content\/uploads\/logo_elternverein_zentriert-1024x560.png\" class=\"attachment-large size-large wp-image-3813\" alt=\"\" srcset=\"https:\/\/www.csihamburg-meeting.de\/iscayahl-2025\/wp-content\/uploads\/logo_elternverein_zentriert-1024x560.png 1024w, https:\/\/www.csihamburg-meeting.de\/iscayahl-2025\/wp-content\/uploads\/logo_elternverein_zentriert-300x164.png 300w, https:\/\/www.csihamburg-meeting.de\/iscayahl-2025\/wp-content\/uploads\/logo_elternverein_zentriert-150x82.png 150w, https:\/\/www.csihamburg-meeting.de\/iscayahl-2025\/wp-content\/uploads\/logo_elternverein_zentriert-768x420.png 768w, https:\/\/www.csihamburg-meeting.de\/iscayahl-2025\/wp-content\/uploads\/logo_elternverein_zentriert.png 1500w\" sizes=\"(max-width: 800px) 100vw, 800px\" \/>\t\t\t\t\t\t\t\t<\/a>\n\t\t\t\t\t\t\t\t\t\t\t\t\t\t\t<\/div>\n\t\t\t\t<\/div>\n\t\t\t\t<div class=\"elementor-element elementor-element-2cab3a8 elementor-widget elementor-widget-heading\" data-id=\"2cab3a8\" data-element_type=\"widget\" data-widget_type=\"heading.default\">\n\t\t\t\t<div class=\"elementor-widget-container\">\n\t\t\t\t\t<h4 class=\"elementor-heading-title elementor-size-default\"><a href=\"http:\/\/www.krebskrankekinder-giessen.de\" target=\"_blank\"><span style=\"font-weight: 400;text-align: start;background-color: transparent\">Elternverein f\u00fcr leuk\u00e4mie- und krebskranke Kinder Giessen e. V.<\/span><\/a><\/h4>\t\t\t\t<\/div>\n\t\t\t\t<\/div>\n\t\t\t\t<\/div>\n\t\t<div data-particle_enable=\"false\" data-particle-mobile-disabled=\"false\" class=\"elementor-element elementor-element-0365a64 e-con-full e-flex qodef-elementor-content-no e-con e-child\" data-id=\"0365a64\" data-element_type=\"container\" data-settings=\"{&quot;background_background&quot;:&quot;gradient&quot;}\">\n\t\t\t\t<div class=\"elementor-element elementor-element-dc7497b img-ratio elementor-widget elementor-widget-image\" data-id=\"dc7497b\" data-element_type=\"widget\" data-widget_type=\"image.default\">\n\t\t\t\t<div class=\"elementor-widget-container\">\n\t\t\t\t\t\t\t\t\t\t\t\t\t\t\t\t<a href=\"https:\/\/www.kinderkrebsstiftung.de\/\" target=\"_blank\">\n\t\t\t\t\t\t\t<img decoding=\"async\" width=\"400\" height=\"284\" src=\"https:\/\/www.csihamburg-meeting.de\/iscayahl-2025\/wp-content\/uploads\/Logo_DKS-1.png\" class=\"attachment-large size-large wp-image-3812\" alt=\"\" srcset=\"https:\/\/www.csihamburg-meeting.de\/iscayahl-2025\/wp-content\/uploads\/Logo_DKS-1.png 400w, https:\/\/www.csihamburg-meeting.de\/iscayahl-2025\/wp-content\/uploads\/Logo_DKS-1-300x213.png 300w, https:\/\/www.csihamburg-meeting.de\/iscayahl-2025\/wp-content\/uploads\/Logo_DKS-1-150x107.png 150w\" sizes=\"(max-width: 400px) 100vw, 400px\" \/>\t\t\t\t\t\t\t\t<\/a>\n\t\t\t\t\t\t\t\t\t\t\t\t\t\t\t<\/div>\n\t\t\t\t<\/div>\n\t\t\t\t<div class=\"elementor-element elementor-element-9337c09 elementor-widget elementor-widget-heading\" data-id=\"9337c09\" data-element_type=\"widget\" data-widget_type=\"heading.default\">\n\t\t\t\t<div class=\"elementor-widget-container\">\n\t\t\t\t\t<h4 class=\"elementor-heading-title elementor-size-default\"><a href=\"https:\/\/www.kinderkrebsstiftung.de\/\" target=\"_blank\"><span style=\"font-weight: 400;text-align: start;background-color: transparent\">Deutsche<\/span><span style=\"font-weight: 400;text-align: start;background-color: transparent\">&nbsp;Kinderkrebsstiftung<\/span><\/a><\/h4>\t\t\t\t<\/div>\n\t\t\t\t<\/div>\n\t\t\t\t<\/div>\n\t\t<div data-particle_enable=\"false\" data-particle-mobile-disabled=\"false\" class=\"elementor-element elementor-element-19e7855 e-con-full e-flex qodef-elementor-content-no e-con e-child\" data-id=\"19e7855\" data-element_type=\"container\" data-settings=\"{&quot;background_background&quot;:&quot;gradient&quot;}\">\n\t\t\t\t<div class=\"elementor-element elementor-element-10741a5 img-ratio elementor-widget elementor-widget-image\" data-id=\"10741a5\" data-element_type=\"widget\" data-widget_type=\"image.default\">\n\t\t\t\t<div class=\"elementor-widget-container\">\n\t\t\t\t\t\t\t\t\t\t\t\t\t\t\t\t<a href=\"https:\/\/menschen-fuer-kinder.de\/\" target=\"_blank\">\n\t\t\t\t\t\t\t<img loading=\"lazy\" decoding=\"async\" width=\"400\" height=\"216\" src=\"https:\/\/www.csihamburg-meeting.de\/iscayahl-2025\/wp-content\/uploads\/mfk_logo_zentriert.jpg\" class=\"attachment-large size-large wp-image-3814\" alt=\"\" srcset=\"https:\/\/www.csihamburg-meeting.de\/iscayahl-2025\/wp-content\/uploads\/mfk_logo_zentriert.jpg 400w, https:\/\/www.csihamburg-meeting.de\/iscayahl-2025\/wp-content\/uploads\/mfk_logo_zentriert-300x162.jpg 300w, https:\/\/www.csihamburg-meeting.de\/iscayahl-2025\/wp-content\/uploads\/mfk_logo_zentriert-150x81.jpg 150w\" sizes=\"(max-width: 400px) 100vw, 400px\" \/>\t\t\t\t\t\t\t\t<\/a>\n\t\t\t\t\t\t\t\t\t\t\t\t\t\t\t<\/div>\n\t\t\t\t<\/div>\n\t\t\t\t<div class=\"elementor-element elementor-element-f0c78f6 elementor-widget elementor-widget-heading\" data-id=\"f0c78f6\" data-element_type=\"widget\" data-widget_type=\"heading.default\">\n\t\t\t\t<div class=\"elementor-widget-container\">\n\t\t\t\t\t<h4 class=\"elementor-heading-title elementor-size-default\"><a href=\"https:\/\/menschen-fuer-kinder.de\/\" target=\"_blank\"><span style=\"font-weight: 400;text-align: start;background-color: transparent\">Menschen f\u00fcr Kinder e. V.<\/span><\/a><\/h4>\t\t\t\t<\/div>\n\t\t\t\t<\/div>\n\t\t\t\t<\/div>\n\t\t<div data-particle_enable=\"false\" data-particle-mobile-disabled=\"false\" class=\"elementor-element elementor-element-fc94c12 e-con-full e-flex qodef-elementor-content-no e-con e-child\" data-id=\"fc94c12\" data-element_type=\"container\" data-settings=\"{&quot;background_background&quot;:&quot;gradient&quot;}\">\n\t\t\t\t<div class=\"elementor-element elementor-element-6c818c6 img-ratio elementor-widget elementor-widget-image\" data-id=\"6c818c6\" data-element_type=\"widget\" data-widget_type=\"image.default\">\n\t\t\t\t<div class=\"elementor-widget-container\">\n\t\t\t\t\t\t\t\t\t\t\t\t\t\t\t\t<a href=\"https:\/\/oldtimer-markt.de\/aktuell\">\n\t\t\t\t\t\t\t<img loading=\"lazy\" decoding=\"async\" width=\"400\" height=\"175\" src=\"https:\/\/www.csihamburg-meeting.de\/iscayahl-2025\/wp-content\/uploads\/Oldtimer-Markt_Logo.jpg\" class=\"attachment-large size-large wp-image-3815\" alt=\"\" srcset=\"https:\/\/www.csihamburg-meeting.de\/iscayahl-2025\/wp-content\/uploads\/Oldtimer-Markt_Logo.jpg 400w, https:\/\/www.csihamburg-meeting.de\/iscayahl-2025\/wp-content\/uploads\/Oldtimer-Markt_Logo-300x131.jpg 300w, https:\/\/www.csihamburg-meeting.de\/iscayahl-2025\/wp-content\/uploads\/Oldtimer-Markt_Logo-150x66.jpg 150w\" sizes=\"(max-width: 400px) 100vw, 400px\" \/>\t\t\t\t\t\t\t\t<\/a>\n\t\t\t\t\t\t\t\t\t\t\t\t\t\t\t<\/div>\n\t\t\t\t<\/div>\n\t\t\t\t<div class=\"elementor-element elementor-element-ae851dd elementor-widget elementor-widget-heading\" data-id=\"ae851dd\" data-element_type=\"widget\" data-widget_type=\"heading.default\">\n\t\t\t\t<div class=\"elementor-widget-container\">\n\t\t\t\t\t<h4 class=\"elementor-heading-title elementor-size-default\"><a href=\"https:\/\/oldtimer-markt.de\/aktuell\" target=\"_blank\"><span style=\"font-weight: 400;text-align: start;background-color: transparent\">Deutsche<\/span><span style=\"font-weight: 400;text-align: start;background-color: transparent\">&nbsp;VF Verlagsgesellschaft mbH Oldtimer Markt<\/span><\/a><\/h4>\t\t\t\t<\/div>\n\t\t\t\t<\/div>\n\t\t\t\t<\/div>\n\t\t<div data-particle_enable=\"false\" data-particle-mobile-disabled=\"false\" class=\"elementor-element elementor-element-33106a8 e-con-full e-flex qodef-elementor-content-no e-con e-child\" data-id=\"33106a8\" data-element_type=\"container\" data-settings=\"{&quot;background_background&quot;:&quot;gradient&quot;}\">\n\t\t\t\t<div class=\"elementor-element elementor-element-2187f54 img-ratio elementor-widget elementor-widget-image\" data-id=\"2187f54\" data-element_type=\"widget\" data-widget_type=\"image.default\">\n\t\t\t\t<div class=\"elementor-widget-container\">\n\t\t\t\t\t\t\t\t\t\t\t\t\t\t\t\t<a href=\"https:\/\/oldtimer-markt.de\/aktuell\">\n\t\t\t\t\t\t\t<img loading=\"lazy\" decoding=\"async\" width=\"348\" height=\"263\" src=\"https:\/\/www.csihamburg-meeting.de\/iscayahl-2025\/wp-content\/uploads\/schwarze-schrift.jpg\" class=\"attachment-large size-large wp-image-3973\" alt=\"\" srcset=\"https:\/\/www.csihamburg-meeting.de\/iscayahl-2025\/wp-content\/uploads\/schwarze-schrift.jpg 348w, https:\/\/www.csihamburg-meeting.de\/iscayahl-2025\/wp-content\/uploads\/schwarze-schrift-300x227.jpg 300w, https:\/\/www.csihamburg-meeting.de\/iscayahl-2025\/wp-content\/uploads\/schwarze-schrift-150x113.jpg 150w\" sizes=\"(max-width: 348px) 100vw, 348px\" \/>\t\t\t\t\t\t\t\t<\/a>\n\t\t\t\t\t\t\t\t\t\t\t\t\t\t\t<\/div>\n\t\t\t\t<\/div>\n\t\t\t\t<div class=\"elementor-element elementor-element-842cc52 elementor-widget elementor-widget-heading\" data-id=\"842cc52\" data-element_type=\"widget\" data-widget_type=\"heading.default\">\n\t\t\t\t<div class=\"elementor-widget-container\">\n\t\t\t\t\t<h4 class=\"elementor-heading-title elementor-size-default\"><a href=\"https:\/\/oldtimer-markt.de\/aktuell\" target=\"_blank\"><span style=\"font-weight: 400;text-align: start;background-color: transparent\">Tour der Hoffnung<\/span><\/a><\/h4>\t\t\t\t<\/div>\n\t\t\t\t<\/div>\n\t\t\t\t<\/div>\n\t\t\t\t<\/div>\n\t\t\t\t<\/div>\n\t\t\t\t<\/div>\n\t\t","protected":false},"excerpt":{"rendered":"<p>In alphabetical order. Deutsche Forschungsgemeinschaft e. V. Elternverein f\u00fcr leuk\u00e4mie- und krebskranke Kinder Giessen e. V. Deutsche&nbsp;Kinderkrebsstiftung Menschen f\u00fcr Kinder e. V. Deutsche&nbsp;VF Verlagsgesellschaft mbH Oldtimer Markt Tour der Hoffnung<\/p>\n","protected":false},"author":9,"featured_media":0,"parent":2849,"menu_order":10,"comment_status":"closed","ping_status":"closed","template":"elementor_theme","meta":{"_acf_changed":false,"footnotes":""},"class_list":["post-3761","page","type-page","status-publish","hentry"],"acf":[],"yoast_head":"<!-- This site is optimized with the Yoast SEO plugin v25.6 - https:\/\/yoast.com\/wordpress\/plugins\/seo\/ -->\n<title>Charity Support - 6th ISCAYAHL<\/title>\n<meta name=\"robots\" content=\"index, follow, max-snippet:-1, max-image-preview:large, max-video-preview:-1\" \/>\n<link rel=\"canonical\" href=\"https:\/\/www.csihamburg-meeting.de\/iscayahl-2025\/sponsoring-and-exhibition\/charity-sponsoring\/\" \/>\n<meta property=\"og:locale\" content=\"en_GB\" \/>\n<meta property=\"og:type\" content=\"article\" \/>\n<meta property=\"og:title\" content=\"Charity Support - 6th ISCAYAHL\" \/>\n<meta property=\"og:description\" content=\"In alphabetical order. Deutsche Forschungsgemeinschaft e. V. Elternverein f\u00fcr leuk\u00e4mie- und krebskranke Kinder Giessen e. V. Deutsche&nbsp;Kinderkrebsstiftung Menschen f\u00fcr Kinder e. V. Deutsche&nbsp;VF Verlagsgesellschaft mbH Oldtimer Markt Tour der Hoffnung\" \/>\n<meta property=\"og:url\" content=\"https:\/\/www.csihamburg-meeting.de\/iscayahl-2025\/sponsoring-and-exhibition\/charity-sponsoring\/\" \/>\n<meta property=\"og:site_name\" content=\"6th ISCAYAHL\" \/>\n<meta property=\"article:modified_time\" content=\"2025-10-07T16:35:49+00:00\" \/>\n<meta property=\"og:image\" content=\"https:\/\/www.csihamburg-meeting.de\/iscayahl-2025\/wp-content\/uploads\/dfg_logo_schriftzug_blau-1.jpg\" \/>\n\t<meta property=\"og:image:width\" content=\"400\" \/>\n\t<meta property=\"og:image:height\" content=\"51\" \/>\n\t<meta property=\"og:image:type\" content=\"image\/jpeg\" \/>\n<meta name=\"twitter:card\" content=\"summary_large_image\" \/>\n<meta name=\"twitter:label1\" content=\"Estimated reading time\" \/>\n\t<meta name=\"twitter:data1\" content=\"2 minutes\" \/>\n<script type=\"application\/ld+json\" class=\"yoast-schema-graph\">{\"@context\":\"https:\/\/schema.org\",\"@graph\":[{\"@type\":\"WebPage\",\"@id\":\"https:\/\/www.csihamburg-meeting.de\/iscayahl-2025\/sponsoring-and-exhibition\/charity-sponsoring\/\",\"url\":\"https:\/\/www.csihamburg-meeting.de\/iscayahl-2025\/sponsoring-and-exhibition\/charity-sponsoring\/\",\"name\":\"Charity Support - 6th ISCAYAHL\",\"isPartOf\":{\"@id\":\"https:\/\/www.csihamburg-meeting.de\/iscayahl-2025\/#website\"},\"primaryImageOfPage\":{\"@id\":\"https:\/\/www.csihamburg-meeting.de\/iscayahl-2025\/sponsoring-and-exhibition\/charity-sponsoring\/#primaryimage\"},\"image\":{\"@id\":\"https:\/\/www.csihamburg-meeting.de\/iscayahl-2025\/sponsoring-and-exhibition\/charity-sponsoring\/#primaryimage\"},\"thumbnailUrl\":\"https:\/\/www.csihamburg-meeting.de\/iscayahl-2025\/wp-content\/uploads\/dfg_logo_schriftzug_blau-1.jpg\",\"datePublished\":\"2025-06-16T08:57:17+00:00\",\"dateModified\":\"2025-10-07T16:35:49+00:00\",\"breadcrumb\":{\"@id\":\"https:\/\/www.csihamburg-meeting.de\/iscayahl-2025\/sponsoring-and-exhibition\/charity-sponsoring\/#breadcrumb\"},\"inLanguage\":\"en-GB\",\"potentialAction\":[{\"@type\":\"ReadAction\",\"target\":[\"https:\/\/www.csihamburg-meeting.de\/iscayahl-2025\/sponsoring-and-exhibition\/charity-sponsoring\/\"]}]},{\"@type\":\"ImageObject\",\"inLanguage\":\"en-GB\",\"@id\":\"https:\/\/www.csihamburg-meeting.de\/iscayahl-2025\/sponsoring-and-exhibition\/charity-sponsoring\/#primaryimage\",\"url\":\"https:\/\/www.csihamburg-meeting.de\/iscayahl-2025\/wp-content\/uploads\/dfg_logo_schriftzug_blau-1.jpg\",\"contentUrl\":\"https:\/\/www.csihamburg-meeting.de\/iscayahl-2025\/wp-content\/uploads\/dfg_logo_schriftzug_blau-1.jpg\",\"width\":400,\"height\":51},{\"@type\":\"BreadcrumbList\",\"@id\":\"https:\/\/www.csihamburg-meeting.de\/iscayahl-2025\/sponsoring-and-exhibition\/charity-sponsoring\/#breadcrumb\",\"itemListElement\":[{\"@type\":\"ListItem\",\"position\":1,\"name\":\"Startseite\",\"item\":\"https:\/\/www.csihamburg-meeting.de\/iscayahl-2025\/\"},{\"@type\":\"ListItem\",\"position\":2,\"name\":\"Sponsoring and Exhibition\",\"item\":\"https:\/\/www.csihamburg-meeting.de\/iscayahl-2025\/sponsoring-and-exhibition\/\"},{\"@type\":\"ListItem\",\"position\":3,\"name\":\"Charity Support\"}]},{\"@type\":\"WebSite\",\"@id\":\"https:\/\/www.csihamburg-meeting.de\/iscayahl-2025\/#website\",\"url\":\"https:\/\/www.csihamburg-meeting.de\/iscayahl-2025\/\",\"name\":\"6th ISCAYAHL\",\"description\":\"\",\"publisher\":{\"@id\":\"https:\/\/www.csihamburg-meeting.de\/iscayahl-2025\/#organization\"},\"potentialAction\":[{\"@type\":\"SearchAction\",\"target\":{\"@type\":\"EntryPoint\",\"urlTemplate\":\"https:\/\/www.csihamburg-meeting.de\/iscayahl-2025\/?s={search_term_string}\"},\"query-input\":{\"@type\":\"PropertyValueSpecification\",\"valueRequired\":true,\"valueName\":\"search_term_string\"}}],\"inLanguage\":\"en-GB\"},{\"@type\":\"Organization\",\"@id\":\"https:\/\/www.csihamburg-meeting.de\/iscayahl-2025\/#organization\",\"name\":\"6th ISCAYAHL\",\"url\":\"https:\/\/www.csihamburg-meeting.de\/iscayahl-2025\/\",\"logo\":{\"@type\":\"ImageObject\",\"inLanguage\":\"en-GB\",\"@id\":\"https:\/\/www.csihamburg-meeting.de\/iscayahl-2025\/#\/schema\/logo\/image\/\",\"url\":\"\",\"contentUrl\":\"\",\"caption\":\"6th ISCAYAHL\"},\"image\":{\"@id\":\"https:\/\/www.csihamburg-meeting.de\/iscayahl-2025\/#\/schema\/logo\/image\/\"}}]}<\/script>\n<!-- \/ Yoast SEO plugin. -->","yoast_head_json":{"title":"Charity Support - 6th ISCAYAHL","robots":{"index":"index","follow":"follow","max-snippet":"max-snippet:-1","max-image-preview":"max-image-preview:large","max-video-preview":"max-video-preview:-1"},"canonical":"https:\/\/www.csihamburg-meeting.de\/iscayahl-2025\/sponsoring-and-exhibition\/charity-sponsoring\/","og_locale":"en_GB","og_type":"article","og_title":"Charity Support - 6th ISCAYAHL","og_description":"In alphabetical order. Deutsche Forschungsgemeinschaft e. V. Elternverein f\u00fcr leuk\u00e4mie- und krebskranke Kinder Giessen e. V. Deutsche&nbsp;Kinderkrebsstiftung Menschen f\u00fcr Kinder e. V. Deutsche&nbsp;VF Verlagsgesellschaft mbH Oldtimer Markt Tour der Hoffnung","og_url":"https:\/\/www.csihamburg-meeting.de\/iscayahl-2025\/sponsoring-and-exhibition\/charity-sponsoring\/","og_site_name":"6th ISCAYAHL","article_modified_time":"2025-10-07T16:35:49+00:00","og_image":[{"width":400,"height":51,"url":"https:\/\/www.csihamburg-meeting.de\/iscayahl-2025\/wp-content\/uploads\/dfg_logo_schriftzug_blau-1.jpg","type":"image\/jpeg"}],"twitter_card":"summary_large_image","twitter_misc":{"Estimated reading time":"2 minutes"},"schema":{"@context":"https:\/\/schema.org","@graph":[{"@type":"WebPage","@id":"https:\/\/www.csihamburg-meeting.de\/iscayahl-2025\/sponsoring-and-exhibition\/charity-sponsoring\/","url":"https:\/\/www.csihamburg-meeting.de\/iscayahl-2025\/sponsoring-and-exhibition\/charity-sponsoring\/","name":"Charity Support - 6th ISCAYAHL","isPartOf":{"@id":"https:\/\/www.csihamburg-meeting.de\/iscayahl-2025\/#website"},"primaryImageOfPage":{"@id":"https:\/\/www.csihamburg-meeting.de\/iscayahl-2025\/sponsoring-and-exhibition\/charity-sponsoring\/#primaryimage"},"image":{"@id":"https:\/\/www.csihamburg-meeting.de\/iscayahl-2025\/sponsoring-and-exhibition\/charity-sponsoring\/#primaryimage"},"thumbnailUrl":"https:\/\/www.csihamburg-meeting.de\/iscayahl-2025\/wp-content\/uploads\/dfg_logo_schriftzug_blau-1.jpg","datePublished":"2025-06-16T08:57:17+00:00","dateModified":"2025-10-07T16:35:49+00:00","breadcrumb":{"@id":"https:\/\/www.csihamburg-meeting.de\/iscayahl-2025\/sponsoring-and-exhibition\/charity-sponsoring\/#breadcrumb"},"inLanguage":"en-GB","potentialAction":[{"@type":"ReadAction","target":["https:\/\/www.csihamburg-meeting.de\/iscayahl-2025\/sponsoring-and-exhibition\/charity-sponsoring\/"]}]},{"@type":"ImageObject","inLanguage":"en-GB","@id":"https:\/\/www.csihamburg-meeting.de\/iscayahl-2025\/sponsoring-and-exhibition\/charity-sponsoring\/#primaryimage","url":"https:\/\/www.csihamburg-meeting.de\/iscayahl-2025\/wp-content\/uploads\/dfg_logo_schriftzug_blau-1.jpg","contentUrl":"https:\/\/www.csihamburg-meeting.de\/iscayahl-2025\/wp-content\/uploads\/dfg_logo_schriftzug_blau-1.jpg","width":400,"height":51},{"@type":"BreadcrumbList","@id":"https:\/\/www.csihamburg-meeting.de\/iscayahl-2025\/sponsoring-and-exhibition\/charity-sponsoring\/#breadcrumb","itemListElement":[{"@type":"ListItem","position":1,"name":"Startseite","item":"https:\/\/www.csihamburg-meeting.de\/iscayahl-2025\/"},{"@type":"ListItem","position":2,"name":"Sponsoring and Exhibition","item":"https:\/\/www.csihamburg-meeting.de\/iscayahl-2025\/sponsoring-and-exhibition\/"},{"@type":"ListItem","position":3,"name":"Charity Support"}]},{"@type":"WebSite","@id":"https:\/\/www.csihamburg-meeting.de\/iscayahl-2025\/#website","url":"https:\/\/www.csihamburg-meeting.de\/iscayahl-2025\/","name":"6th ISCAYAHL","description":"","publisher":{"@id":"https:\/\/www.csihamburg-meeting.de\/iscayahl-2025\/#organization"},"potentialAction":[{"@type":"SearchAction","target":{"@type":"EntryPoint","urlTemplate":"https:\/\/www.csihamburg-meeting.de\/iscayahl-2025\/?s={search_term_string}"},"query-input":{"@type":"PropertyValueSpecification","valueRequired":true,"valueName":"search_term_string"}}],"inLanguage":"en-GB"},{"@type":"Organization","@id":"https:\/\/www.csihamburg-meeting.de\/iscayahl-2025\/#organization","name":"6th ISCAYAHL","url":"https:\/\/www.csihamburg-meeting.de\/iscayahl-2025\/","logo":{"@type":"ImageObject","inLanguage":"en-GB","@id":"https:\/\/www.csihamburg-meeting.de\/iscayahl-2025\/#\/schema\/logo\/image\/","url":"","contentUrl":"","caption":"6th ISCAYAHL"},"image":{"@id":"https:\/\/www.csihamburg-meeting.de\/iscayahl-2025\/#\/schema\/logo\/image\/"}}]}},"_links":{"self":[{"href":"https:\/\/www.csihamburg-meeting.de\/iscayahl-2025\/wp-json\/wp\/v2\/pages\/3761","targetHints":{"allow":["GET"]}}],"collection":[{"href":"https:\/\/www.csihamburg-meeting.de\/iscayahl-2025\/wp-json\/wp\/v2\/pages"}],"about":[{"href":"https:\/\/www.csihamburg-meeting.de\/iscayahl-2025\/wp-json\/wp\/v2\/types\/page"}],"author":[{"embeddable":true,"href":"https:\/\/www.csihamburg-meeting.de\/iscayahl-2025\/wp-json\/wp\/v2\/users\/9"}],"replies":[{"embeddable":true,"href":"https:\/\/www.csihamburg-meeting.de\/iscayahl-2025\/wp-json\/wp\/v2\/comments?post=3761"}],"version-history":[{"count":10,"href":"https:\/\/www.csihamburg-meeting.de\/iscayahl-2025\/wp-json\/wp\/v2\/pages\/3761\/revisions"}],"predecessor-version":[{"id":3976,"href":"https:\/\/www.csihamburg-meeting.de\/iscayahl-2025\/wp-json\/wp\/v2\/pages\/3761\/revisions\/3976"}],"up":[{"embeddable":true,"href":"https:\/\/www.csihamburg-meeting.de\/iscayahl-2025\/wp-json\/wp\/v2\/pages\/2849"}],"wp:attachment":[{"href":"https:\/\/www.csihamburg-meeting.de\/iscayahl-2025\/wp-json\/wp\/v2\/media?parent=3761"}],"curies":[{"name":"wp","href":"https:\/\/api.w.org\/{rel}","templated":true}]}}